{"id":1831,"date":"2018-05-11T17:20:21","date_gmt":"2018-05-11T17:20:21","guid":{"rendered":"http:\/\/xn--hrkiosk-hamburg-8sb.de\/?page_id=1831"},"modified":"2026-01-11T13:03:12","modified_gmt":"2026-01-11T13:03:12","slug":"aktuell-2","status":"publish","type":"page","link":"https:\/\/h\u00f6rkiosk-hamburg.de\/?page_id=1831","title":{"rendered":"Aktuell"},"content":{"rendered":"<h4>Der 14. H\u00f6rkiosk | Montag, 26. Januar 2026, 20.00 Uhr<\/h4>\n<p>Wir laden wieder zum H\u00f6ren ein in die Jupi Bar, jene selbstverwaltete Kneipe im Hamburger G\u00e4ngeviertel hinterm G\u00e4nsemarkt.<\/p>\n<p>Im Programm:\u00a0<b><i>Die drei Leben der Connie Converse\u00a0<\/i><\/b> von Monika Kursawe.<\/p>\n<div>\n<p>Welch eine Stimme! Was f\u00fcr Melodien! Und dann diese Texte: b\u00f6se, durchtrieben, witzig, feministisch, poetisch.<\/p>\n<p>Als Connie Converse in den fr\u00fchen 1950er Jahren aus dem Nordosten der USA nach New York kommt, bringt sie ihre Songs mit, die das Publikum r\u00fchren und faszinieren. Sie singt bei Dinnerpartys oder in privaten Musiksalons \u2013 tritt einmal sogar im Fernsehen auf. Einen Plattenvertrag bekommt sie nie. Zum Gl\u00fcck gibt es Fans, die ihre Songs auf Tonband mitschneiden.<\/p>\n<p>Bevor sie als erste Folks\u00e4ngerin der Geschichte bekannt werden kann, verschwindet sie und wird nie mehr gesehen. Und wer kommt dann? Ach ja, Bob Dylan.<\/p>\n<p>Die H\u00f6rfunkautorin Monika Kursawe aus Karlsruhe hat das Leben dieser K\u00fcnstlerin in Gespr\u00e4chen mit Zeitzeugen nachrecherchiert. Sie portr\u00e4tiert sie als gro\u00dfe Musikerin, gefangen in einer schwierigen Existenz.<\/p>\n<p>Wir h\u00f6ren das Feature und sprechen mit der Autorin. Und danach: Musik von Connie Converse, Bob Dylan und den anderen.<\/p>\n<\/div>\n<div>Kommt in die G\u00e4nge: Jupi Bar, Caffamacherreihe 37 \u2013 39. Der Eintritt ist frei.<\/div>\n<div><\/div>\n<div>Wir freuen uns auf euch!<br \/>\nMartina und Ulrich<\/div>\n<p>&nbsp;<\/p>\n","protected":false},"excerpt":{"rendered":"<p>Der 14. H\u00f6rkiosk | Montag, 26. Januar 2026, 20.00 Uhr Wir laden wieder zum H\u00f6ren ein in die Jupi Bar, jene selbstverwaltete Kneipe im Hamburger G\u00e4ngeviertel hinterm G\u00e4nsemarkt. Im Programm:\u00a0Die drei Leben der Connie Converse\u00a0 von Monika Kursawe. Welch eine Stimme! Was f\u00fcr Melodien! Und dann diese Texte: b\u00f6se, durchtrieben, witzig, feministisch, poetisch. Als Connie [&hellip;]<\/p>\n","protected":false},"author":1,"featured_media":0,"parent":0,"menu_order":0,"comment_status":"closed","ping_status":"closed","template":"","meta":{"footnotes":""},"class_list":["post-1831","page","type-page","status-publish","hentry"],"_links":{"self":[{"href":"https:\/\/h\u00f6rkiosk-hamburg.de\/index.php?rest_route=\/wp\/v2\/pages\/1831","targetHints":{"allow":["GET"]}}],"collection":[{"href":"https:\/\/h\u00f6rkiosk-hamburg.de\/index.php?rest_route=\/wp\/v2\/pages"}],"about":[{"href":"https:\/\/h\u00f6rkiosk-hamburg.de\/index.php?rest_route=\/wp\/v2\/types\/page"}],"author":[{"embeddable":true,"href":"https:\/\/h\u00f6rkiosk-hamburg.de\/index.php?rest_route=\/wp\/v2\/users\/1"}],"replies":[{"embeddable":true,"href":"https:\/\/h\u00f6rkiosk-hamburg.de\/index.php?rest_route=%2Fwp%2Fv2%2Fcomments&post=1831"}],"version-history":[{"count":60,"href":"https:\/\/h\u00f6rkiosk-hamburg.de\/index.php?rest_route=\/wp\/v2\/pages\/1831\/revisions"}],"predecessor-version":[{"id":2494,"href":"https:\/\/h\u00f6rkiosk-hamburg.de\/index.php?rest_route=\/wp\/v2\/pages\/1831\/revisions\/2494"}],"wp:attachment":[{"href":"https:\/\/h\u00f6rkiosk-hamburg.de\/index.php?rest_route=%2Fwp%2Fv2%2Fmedia&parent=1831"}],"curies":[{"name":"wp","href":"https:\/\/api.w.org\/{rel}","templated":true}]}}