{"id":2,"date":"2018-02-18T14:20:09","date_gmt":"2018-02-18T14:20:09","guid":{"rendered":"http:\/\/xn--hrkiosk-hamburg-8sb.de\/?page_id=2"},"modified":"2021-09-01T16:25:30","modified_gmt":"2021-09-01T16:25:30","slug":"sample-page","status":"publish","type":"page","link":"https:\/\/h\u00f6rkiosk-hamburg.de\/?page_id=2","title":{"rendered":"Die Idee"},"content":{"rendered":"<p>Der erste H\u00f6rkiosk fand in einem wirklichen Kiosk statt. Wir spielten eines unserer Lieblings-Radiofeatures: <em>Neun Stockwerke Deutschland<\/em> von Reinhard Schneider. Der Kiosk, ohnehin ein Ort der Geschichten, ein Treffpunkt der Nachbarschaft, wurde zum Wohnzimmer, in dem wir eine knappe Stunde nur zuh\u00f6rten. Und anschlie\u00dfend mit dem Autor diskutierten.<\/p>\n<p>Die Idee blieb, der Ort hat gewechselt. Einmal im Vierteljahr laden wir zum H\u00f6rkiosk in die Jupi-Bar, eine selbstverwaltete Kneipe im Hamburger G\u00e4ngeviertel, das K\u00fcnstler 2009 besetzt haben und so vor Verfall und Abriss retteten.<\/p>\n<p>Wir stellen Radio-Features und H\u00f6rspiele vor \u2013 die sch\u00f6nsten, anspruchsvollsten Formate im Radio. Das Feature ist Dokumentation und im besten Fall Kunst. Das H\u00f6rspiel Fiktion und nicht selten wahrer als die Wirklichkeit. Stets ist der Autor oder die Autorin vor Ort. Eine Gelegenheit, das H\u00f6ren zum gemeinsamen Erlebnis zu machen.<\/p>\n","protected":false},"excerpt":{"rendered":"<p>Der erste H\u00f6rkiosk fand in einem wirklichen Kiosk statt. Wir spielten eines unserer Lieblings-Radiofeatures: Neun Stockwerke Deutschland von Reinhard Schneider. Der Kiosk, ohnehin ein Ort der Geschichten, ein Treffpunkt der Nachbarschaft, wurde zum Wohnzimmer, in dem wir eine knappe Stunde nur zuh\u00f6rten. Und anschlie\u00dfend mit dem Autor diskutierten. Die Idee blieb, der Ort hat gewechselt. [&hellip;]<\/p>\n","protected":false},"author":1,"featured_media":0,"parent":0,"menu_order":0,"comment_status":"closed","ping_status":"open","template":"","meta":{"footnotes":""},"class_list":["post-2","page","type-page","status-publish","hentry"],"_links":{"self":[{"href":"https:\/\/h\u00f6rkiosk-hamburg.de\/index.php?rest_route=\/wp\/v2\/pages\/2","targetHints":{"allow":["GET"]}}],"collection":[{"href":"https:\/\/h\u00f6rkiosk-hamburg.de\/index.php?rest_route=\/wp\/v2\/pages"}],"about":[{"href":"https:\/\/h\u00f6rkiosk-hamburg.de\/index.php?rest_route=\/wp\/v2\/types\/page"}],"author":[{"embeddable":true,"href":"https:\/\/h\u00f6rkiosk-hamburg.de\/index.php?rest_route=\/wp\/v2\/users\/1"}],"replies":[{"embeddable":true,"href":"https:\/\/h\u00f6rkiosk-hamburg.de\/index.php?rest_route=%2Fwp%2Fv2%2Fcomments&post=2"}],"version-history":[{"count":6,"href":"https:\/\/h\u00f6rkiosk-hamburg.de\/index.php?rest_route=\/wp\/v2\/pages\/2\/revisions"}],"predecessor-version":[{"id":2295,"href":"https:\/\/h\u00f6rkiosk-hamburg.de\/index.php?rest_route=\/wp\/v2\/pages\/2\/revisions\/2295"}],"wp:attachment":[{"href":"https:\/\/h\u00f6rkiosk-hamburg.de\/index.php?rest_route=%2Fwp%2Fv2%2Fmedia&parent=2"}],"curies":[{"name":"wp","href":"https:\/\/api.w.org\/{rel}","templated":true}]}}