{"id":26,"date":"2018-04-30T15:28:19","date_gmt":"2018-04-30T15:28:19","guid":{"rendered":"http:\/\/xn--hrkiosk-hamburg-8sb.de\/?page_id=26"},"modified":"2024-08-29T18:00:21","modified_gmt":"2024-08-29T18:00:21","slug":"nuetzliche-links","status":"publish","type":"page","link":"https:\/\/h\u00f6rkiosk-hamburg.de\/?page_id=26","title":{"rendered":"N\u00fctzliche Links"},"content":{"rendered":"<p style=\"font-weight: 400;\">Ihr k\u00f6nnt die meisten Radio-Features und H\u00f6rspiele der ARD-Sender und des Deutschlandradio in der ARD-Audiothek ein Jahr lang nachh\u00f6ren unter:<\/p>\n<p style=\"font-weight: 400;\"><a href=\"https:\/\/www.ardaudiothek.de\/\" target=\"_blank\" rel=\"noopener\">www.ard-audiothek.de<\/a>\u00a0in den Rubriken\u00a0<em>Doku &amp; Reportage<\/em>\u00a0sowie\u00a0<em>H\u00f6rspiel &amp; Lesung<\/em>.<\/p>\n<p style=\"font-weight: 400;\">Alle Sender haben auch eigene Audiotheken, falls ihr eine Redaktion besonders sch\u00e4tzt.<\/p>\n<p style=\"font-weight: 400;\">Wer investigative Recherchen mag, findet sie als\u00a0<em>ARD-Radiofeature<\/em>\u00a0samt Gespr\u00e4chspodcast mit dem jeweiligen Autor\/der jeweiligen Autorin hier:<\/p>\n<p style=\"font-weight: 400;\"><a href=\"https:\/\/www.ardaudiothek.de\/sendung\/das-ard-radiofeature\/72633432\/\" target=\"_blank\" rel=\"noopener\">www.ardaudiothek.de\/sendung\/das-ard-radiofeature<\/a><\/p>\n<p>&nbsp;<\/p>\n<p>&nbsp;<\/p>\n<p>&nbsp;<\/p>\n<p>&nbsp;<\/p>\n<p>&nbsp;<\/p>\n<p>&nbsp;<\/p>\n<p>&nbsp;<\/p>\n<p>&nbsp;<\/p>\n<p>&nbsp;<\/p>\n<p>&nbsp;<\/p>\n<p>&nbsp;<\/p>\n<p>&nbsp;<\/p>\n<p>&nbsp;<\/p>\n<p>&nbsp;<\/p>\n<p>&nbsp;<\/p>\n","protected":false},"excerpt":{"rendered":"<p>Ihr k\u00f6nnt die meisten Radio-Features und H\u00f6rspiele der ARD-Sender und des Deutschlandradio in der ARD-Audiothek ein Jahr lang nachh\u00f6ren unter: www.ard-audiothek.de\u00a0in den Rubriken\u00a0Doku &amp; Reportage\u00a0sowie\u00a0H\u00f6rspiel &amp; Lesung. Alle Sender haben auch eigene Audiotheken, falls ihr eine Redaktion besonders sch\u00e4tzt. Wer investigative Recherchen mag, findet sie als\u00a0ARD-Radiofeature\u00a0samt Gespr\u00e4chspodcast mit dem jeweiligen Autor\/der jeweiligen Autorin hier: www.ardaudiothek.de\/sendung\/das-ard-radiofeature [&hellip;]<\/p>\n","protected":false},"author":1,"featured_media":0,"parent":0,"menu_order":0,"comment_status":"closed","ping_status":"closed","template":"","meta":{"footnotes":""},"class_list":["post-26","page","type-page","status-publish","hentry"],"_links":{"self":[{"href":"https:\/\/h\u00f6rkiosk-hamburg.de\/index.php?rest_route=\/wp\/v2\/pages\/26","targetHints":{"allow":["GET"]}}],"collection":[{"href":"https:\/\/h\u00f6rkiosk-hamburg.de\/index.php?rest_route=\/wp\/v2\/pages"}],"about":[{"href":"https:\/\/h\u00f6rkiosk-hamburg.de\/index.php?rest_route=\/wp\/v2\/types\/page"}],"author":[{"embeddable":true,"href":"https:\/\/h\u00f6rkiosk-hamburg.de\/index.php?rest_route=\/wp\/v2\/users\/1"}],"replies":[{"embeddable":true,"href":"https:\/\/h\u00f6rkiosk-hamburg.de\/index.php?rest_route=%2Fwp%2Fv2%2Fcomments&post=26"}],"version-history":[{"count":23,"href":"https:\/\/h\u00f6rkiosk-hamburg.de\/index.php?rest_route=\/wp\/v2\/pages\/26\/revisions"}],"predecessor-version":[{"id":2461,"href":"https:\/\/h\u00f6rkiosk-hamburg.de\/index.php?rest_route=\/wp\/v2\/pages\/26\/revisions\/2461"}],"wp:attachment":[{"href":"https:\/\/h\u00f6rkiosk-hamburg.de\/index.php?rest_route=%2Fwp%2Fv2%2Fmedia&parent=26"}],"curies":[{"name":"wp","href":"https:\/\/api.w.org\/{rel}","templated":true}]}}