{"id":30,"date":"2018-04-30T15:30:22","date_gmt":"2018-04-30T15:30:22","guid":{"rendered":"http:\/\/xn--hrkiosk-hamburg-8sb.de\/?page_id=30"},"modified":"2025-04-26T14:18:04","modified_gmt":"2025-04-26T14:18:04","slug":"ueber-uns","status":"publish","type":"page","link":"https:\/\/h\u00f6rkiosk-hamburg.de\/?page_id=30","title":{"rendered":"\u00dcber uns"},"content":{"rendered":"<p><strong>Annette<\/strong> und <strong>Martina<\/strong> haben den H\u00f6rkiosk gegr\u00fcndet. Seit 2024 geh\u00f6rt auch <strong>Ulrich<\/strong> zum Team.<\/p>\n<p>&nbsp;<\/p>\n<table>\n<tr>\n<td><strong>Annette Scheld<\/strong><\/p>\n<p>Der Klang der Welt, die Musik der Dinge und die menschliche Stimme, lebendig, intim und gleichzeitig anonym \u2013 das alles interessiert mich am Radio. Neben meist halbst\u00fcndigen Reportagen und Features entwickele ich hin und wieder kurze Eigenproduktionen und habe eine alte Vorliebe f\u00fcr soziale Themen und eine neuere f\u00fcr Abseitiges, f\u00fcr das Unbekannte im Bekannten.<\/td>\n<\/table>\n<table>\n<td><strong>Martina Keller<\/strong><\/p>\n<p>Meine Features handeln oft von medizinischen Dramen, geben Patienten und Angeh\u00f6rigen eine Stimme, lassen im Einzelfall Grunds\u00e4tzliches anklingen. Die einst\u00fcndigen Sendungen gestalten Regisseure, k\u00fcrzere Features produziere ich gern selbst. Neben der Medizin begeistert mich seit je der Fu\u00dfball. Jetzt nachzulesen in meinem Buch <em>Ran ans Leder! Bekenntnisse einer Fu\u00dfballverr\u00fcckten<\/em>.<\/td>\n<\/tr>\n<\/table>\n<table>\n<td><strong>Ulrich Stock<\/strong><\/p>\n<p>Radio braucht Leute, die es h\u00f6ren, zum Beispiel mich. Wie oft bleibe ich am Fahrtziel im Auto sitzen, weil das Feature, das zuf\u00e4llig gerade l\u00e4uft, so fesselnd ist und noch nicht zu Ende&#8230; Funk, richtig betrieben, ist ein ergreifendes Medium. Ich selber schreibe f\u00fcr die ZEIT in Print und Online, gern \u00fcber Jazz und komplexe Musik. Zum H\u00f6rkiosk-Team stie\u00df ich als Stammgast hinzu.<\/td>\n<\/tr>\n<\/table>\n","protected":false},"excerpt":{"rendered":"<p>Annette und Martina haben den H\u00f6rkiosk gegr\u00fcndet. Seit 2024 geh\u00f6rt auch Ulrich zum Team. &nbsp; Annette Scheld Der Klang der Welt, die Musik der Dinge und die menschliche Stimme, lebendig, intim und gleichzeitig anonym \u2013 das alles interessiert mich am Radio. Neben meist halbst\u00fcndigen Reportagen und Features entwickele ich hin und wieder kurze Eigenproduktionen und [&hellip;]<\/p>\n","protected":false},"author":1,"featured_media":0,"parent":0,"menu_order":0,"comment_status":"closed","ping_status":"closed","template":"","meta":{"footnotes":""},"class_list":["post-30","page","type-page","status-publish","hentry"],"_links":{"self":[{"href":"https:\/\/h\u00f6rkiosk-hamburg.de\/index.php?rest_route=\/wp\/v2\/pages\/30","targetHints":{"allow":["GET"]}}],"collection":[{"href":"https:\/\/h\u00f6rkiosk-hamburg.de\/index.php?rest_route=\/wp\/v2\/pages"}],"about":[{"href":"https:\/\/h\u00f6rkiosk-hamburg.de\/index.php?rest_route=\/wp\/v2\/types\/page"}],"author":[{"embeddable":true,"href":"https:\/\/h\u00f6rkiosk-hamburg.de\/index.php?rest_route=\/wp\/v2\/users\/1"}],"replies":[{"embeddable":true,"href":"https:\/\/h\u00f6rkiosk-hamburg.de\/index.php?rest_route=%2Fwp%2Fv2%2Fcomments&post=30"}],"version-history":[{"count":29,"href":"https:\/\/h\u00f6rkiosk-hamburg.de\/index.php?rest_route=\/wp\/v2\/pages\/30\/revisions"}],"predecessor-version":[{"id":2487,"href":"https:\/\/h\u00f6rkiosk-hamburg.de\/index.php?rest_route=\/wp\/v2\/pages\/30\/revisions\/2487"}],"wp:attachment":[{"href":"https:\/\/h\u00f6rkiosk-hamburg.de\/index.php?rest_route=%2Fwp%2Fv2%2Fmedia&parent=30"}],"curies":[{"name":"wp","href":"https:\/\/api.w.org\/{rel}","templated":true}]}}