{"id":38,"date":"2018-04-30T15:43:02","date_gmt":"2018-04-30T15:43:02","guid":{"rendered":"http:\/\/xn--hrkiosk-hamburg-8sb.de\/?page_id=38"},"modified":"2025-12-26T14:26:20","modified_gmt":"2025-12-26T14:26:20","slug":"archiv","status":"publish","type":"page","link":"https:\/\/h\u00f6rkiosk-hamburg.de\/?page_id=38","title":{"rendered":"Archiv"},"content":{"rendered":"<p><strong>\u00bbFeatures und H\u00f6rspiele sind auf den Internetseiten der Sender nur f\u00fcr begrenzte Zeit nachh\u00f6rbar. <\/strong><br \/>\n<strong>Versuchen Sie Ihr Gl\u00fcck. Wir verlinken hier nicht, weil die Angaben zu schnell \u00fcberholt sind.\u00ab<\/strong><\/p>\n<p>&nbsp;<\/p>\n<p><strong>Der 1. H\u00f6rkiosk<\/strong>, 27. November 2017<\/p>\n<blockquote><p><strong><em>Neun Stockwerke Deutschland. Ein Hochhaus in Gladbeck<\/em><br \/>\nvon Reinhard Schneider <\/strong> (WDR 2010)<\/p><\/blockquote>\n<p>Das Portr\u00e4t eines Hochhaus und seiner Bewohner in Gladbeck.\u00a0 Ein Dorf in der Vertikalen.<\/p>\n<p>&nbsp;<\/p>\n<p><strong>Der 2. H\u00f6rkiosk<\/strong>, 19. M\u00e4rz 2018<\/p>\n<blockquote><p><strong><em>Vier Sch\u00fcsse in Missoula. Der Tod des Sch\u00fclers Diren D.<\/em><br \/>\nvon Tom Schimmeck<\/strong> (NDR\/Deutschlandradio Kultur 2015)<\/p><\/blockquote>\n<p>Ein Report \u00fcber den Tod des deutschen Austauschsch\u00fclers Diren D. im US-Staat Montana.<\/p>\n<p>&nbsp;<\/p>\n<p><strong>Der 3. H\u00f6rkiosk<\/strong>, 25. Juni 2018<\/p>\n<blockquote><p>\u00a0<strong><em>Jenseits der Kastanien<br \/>\n<\/em>von Marina Frenk <\/strong>(MDR 2016)<\/p><\/blockquote>\n<p>Autobiographisch, witzig, reflektiert \u2013 ein H\u00f6rspiel \u00fcber Verlorengehen, Heimatsuche und Identit\u00e4tsschlamassel.<\/p>\n<p>&nbsp;<\/p>\n<p><strong>Der 4. H\u00f6rkiosk<\/strong>, 22. Oktober 2018<\/p>\n<blockquote><p><em><strong>Lebensabend in \u00dcbersee<\/strong><\/em><strong><em><br \/>\n<\/em>von Hermann Bohlen<\/strong> (WDR 2014)<strong><br \/>\n<\/strong><\/p><\/blockquote>\n<p>Horror, ganz nah an der Wirklichkeit. Die Menschen werden \u00e4lter, ihre Pflege teuer, die L\u00f6sung: Alten-Export.<\/p>\n<p>&nbsp;<\/p>\n<p><strong>Der 5. H\u00f6rkiosk<\/strong>, 25. Februar 2019<\/p>\n<blockquote><p><em><strong>Es darf ein bisschen mehr sein! Coaching f\u00fcr U-Bahn-Bettler<\/strong><\/em><strong><em><br \/>\n<\/em>von Fritz Tietz<\/strong> (DLF 2017)<strong><br \/>\n<\/strong><\/p><\/blockquote>\n<p>Eine ungew\u00f6hnliche Ann\u00e4herung an ein Ph\u00e4nomen, das jeder kennt. Mit Selbstversuch.<\/p>\n<p>&nbsp;<\/p>\n<p><strong>Der 6. H\u00f6rkiosk<\/strong>, 20. Mai 2019<\/p>\n<blockquote>\n<div><strong><em>Sch\u00f6ner neuer Wahn. Eine Verschw\u00f6rungstheorie Marke Eigenbau<\/em><\/strong><\/div>\n<div><strong>von Christian Alt und Christian Schiffer<\/strong> (BR\/DLF 2016)<\/div>\n<\/blockquote>\n<p><i>&#8218;Auf der R\u00fcckseite des Monds leben Nazis<\/i>.&#8216; Es gibt Menschen, die glauben so etwas. Die Autoren versuchen zu verstehen warum.<\/p>\n<p>&nbsp;<\/p>\n<p><strong>Der 7. H\u00f6rkiosk<\/strong>, 16. September 2019<\/p>\n<blockquote>\n<div><strong><em>Donalds Donald<\/em><\/strong><\/div>\n<div><strong>von Hofmann&amp;Lindholm<\/strong> (DLF\/WDR\/RBB 2018)<\/div>\n<\/blockquote>\n<p>Das Zusammenleben unter Nachbarn ist manchmal Krieg. Ein Feature \u00fcber die Verunsicherung in den eigenen vier W\u00e4nden \u2013 und die Stimmung in der Gesellschaft.<\/p>\n<p>&nbsp;<\/p>\n<p><strong>Der 8. H\u00f6rkiosk<\/strong>, 20. September 2021<\/p>\n<blockquote>\n<div><strong><em>Das M\u00e4dchen, das vom Himmel fiel<\/em><\/strong><\/div>\n<div><strong>von Renate Maurer<\/strong> (ORF\/WDR 2019)<\/div>\n<\/blockquote>\n<p>In Peru \u00fcberlebt die 17-j\u00e4hrige Juliane einen Flugzeugabsturz aus 3000 Meter H\u00f6he. Die Geschichte einer fast unglaublichen Rettung im Dschungel.<\/p>\n<p>&nbsp;<\/p>\n<p><strong>Der 9. H\u00f6rkiosk<\/strong>, 21. November 2022<\/p>\n<blockquote>\n<div><strong><em>Der dritte Raum &#8211; Musikcaf\u00e9s in Japan<\/em><\/strong><\/div>\n<div><strong>von Andreas Hartmann<\/strong> (DLF\/WDR 2021)<\/div>\n<\/blockquote>\n<p>Ein Feature \u00fcber soziale R\u00e4ume zwischen B\u00fcro und Zuhause. Dort kann man in Gesellschaft Musik h\u00f6ren und doch bei sich sein.<\/p>\n<p>&nbsp;<\/p>\n<p><strong>Der 10. H\u00f6rkiosk<\/strong>, 27. M\u00e4rz 2023<\/p>\n<blockquote>\n<div><strong><em>Welcome Home Dr. Marco<br \/>\n<\/em><\/strong><\/div>\n<div><strong>von Ute Lieschke <\/strong> (SWR\/DLF 2022)<\/div>\n<\/blockquote>\n<p>Marco w\u00e4chst als schwarzes Kind in Karl-Marx-Stadt auf. Als seine T\u00f6chter, eine wei\u00df, eine schwarz, ihm Fragen stellen, macht er sich auf die Suche nach seiner Geschichte.<\/p>\n<p>&nbsp;<\/p>\n<p><strong>Der 11. H\u00f6rkiosk<\/strong>, 22. April 2024<\/p>\n<blockquote>\n<div><strong><em>Bin ich \u00fcberfl\u00fcssig? Oder: Wie ich versuchte, die Arbeit an diesem Feature k\u00fcnstlicher Intelligenz zu \u00fcberlassen.<br \/>\n<\/em><\/strong><\/div>\n<div><strong>von J\u00f6rn Klare <\/strong> (NDR 2023)<\/div>\n<\/blockquote>\n<p>Mithilfe von KI kann man Bildwelten, Lieder, Stimmen kreieren. Ist das hilfreich oder bedrohlich? Unser Feature-Autor sorgt sich um seine Zukunft.<\/p>\n<p>&nbsp;<\/p>\n<p><strong>Der 12. H\u00f6rkiosk<\/strong>, 30. September 2024<\/p>\n<blockquote>\n<div><strong><em>Faust in W\u00fcmme. Als die Avantgarde ins Dorf kam.<\/em><\/strong><\/div>\n<div><strong>von Fritz Tietz<\/strong> (DLF 2021)<\/div>\n<\/blockquote>\n<p>Sechs junge Musiker ziehen 1971 in ein verlassenes Schulhaus in Niedersachsen. Die<br \/>\nneuen Beatles? Damals verstand sie keiner, heute haben sie Fans in aller Welt. Ein<br \/>\nbeschwingtes Land- und Bandportr\u00e4t mit der Gruppe Faust.<\/p>\n<p>&nbsp;<\/p>\n<p><strong>Der 13. H\u00f6rkiosk<\/strong>, 12. Mai 2025<\/p>\n<blockquote>\n<div><strong><em>Die Frau mit dem Auge. Krankheit erz\u00e4hlen \u2013 Krankheit politisieren<br \/>\nVon Barbara Eisenmann <\/em><\/strong> (Deutschlandfunk Kultur 2025)<\/div>\n<\/blockquote>\n<p>Die Autorin dieses au\u00dfergew\u00f6hnlichen Funk-Essays leidet an einer schweren<br \/>\nAugenerkrankung. Wie dar\u00fcber sprechen? Eine Recherche zwischen konkretem Elend<br \/>\nund abstrakter Theorie.<\/p>\n","protected":false},"excerpt":{"rendered":"<p>\u00bbFeatures und H\u00f6rspiele sind auf den Internetseiten der Sender nur f\u00fcr begrenzte Zeit nachh\u00f6rbar. Versuchen Sie Ihr Gl\u00fcck. Wir verlinken hier nicht, weil die Angaben zu schnell \u00fcberholt sind.\u00ab &nbsp; Der 1. H\u00f6rkiosk, 27. November 2017 Neun Stockwerke Deutschland. Ein Hochhaus in Gladbeck von Reinhard Schneider (WDR 2010) Das Portr\u00e4t eines Hochhaus und seiner Bewohner [&hellip;]<\/p>\n","protected":false},"author":1,"featured_media":0,"parent":0,"menu_order":0,"comment_status":"closed","ping_status":"closed","template":"","meta":{"footnotes":""},"class_list":["post-38","page","type-page","status-publish","hentry"],"_links":{"self":[{"href":"https:\/\/h\u00f6rkiosk-hamburg.de\/index.php?rest_route=\/wp\/v2\/pages\/38","targetHints":{"allow":["GET"]}}],"collection":[{"href":"https:\/\/h\u00f6rkiosk-hamburg.de\/index.php?rest_route=\/wp\/v2\/pages"}],"about":[{"href":"https:\/\/h\u00f6rkiosk-hamburg.de\/index.php?rest_route=\/wp\/v2\/types\/page"}],"author":[{"embeddable":true,"href":"https:\/\/h\u00f6rkiosk-hamburg.de\/index.php?rest_route=\/wp\/v2\/users\/1"}],"replies":[{"embeddable":true,"href":"https:\/\/h\u00f6rkiosk-hamburg.de\/index.php?rest_route=%2Fwp%2Fv2%2Fcomments&post=38"}],"version-history":[{"count":36,"href":"https:\/\/h\u00f6rkiosk-hamburg.de\/index.php?rest_route=\/wp\/v2\/pages\/38\/revisions"}],"predecessor-version":[{"id":2489,"href":"https:\/\/h\u00f6rkiosk-hamburg.de\/index.php?rest_route=\/wp\/v2\/pages\/38\/revisions\/2489"}],"wp:attachment":[{"href":"https:\/\/h\u00f6rkiosk-hamburg.de\/index.php?rest_route=%2Fwp%2Fv2%2Fmedia&parent=38"}],"curies":[{"name":"wp","href":"https:\/\/api.w.org\/{rel}","templated":true}]}}